{"id":666,"date":"2016-11-07T18:29:44","date_gmt":"2016-11-07T18:29:44","guid":{"rendered":"https:\/\/adauta.eu\/loja-online?product=tapetes-a-ponto-de-arraiolos-minos-tauro"},"modified":"2016-12-20T15:22:51","modified_gmt":"2016-12-20T15:22:51","slug":"tapetes-minos-tauro-es","status":"publish","type":"product","link":"https:\/\/adauta.eu\/loja-online\/loja\/tapetes-ponto-arraiolos-es\/tapetes-minos-tauro-es\/?lang=es","title":{"rendered":"Alfombra a Punto de Arraiolos <br><span style=\"font-size:80%\">Minos Tauro \u00ae<\/span>"},"content":{"rendered":"<p>Hijo de la reina de Creta y un toro de mar que Minos, su marido se neg\u00f3 a sacrificar al dios Poseid\u00f3n, Tauro Minos ten\u00eda el cuerpo del hombre y la cabeza de Tauro. Disgustado, el rey Minos lo ten\u00eda encerrado en un laberinto dise\u00f1ado por el arquitecto Daedalus, para que el monstruo no pudiera escapar.<\/p>\n<p>Dimensiones: 150 x 150 cm<\/p>\n<p>Tiempo de manufactura: 1 mes<\/p>\n","protected":false},"excerpt":{"rendered":"<p>Hijo de la reina de Creta y un toro de mar que Minos, su marido se neg\u00f3 a sacrificar al dios Poseid\u00f3n, Tauro Minos ten\u00eda el cuerpo del hombre y la cabeza de Tauro. Disgustado, el rey Minos lo ten\u00eda encerrado en un laberinto dise\u00f1ado por el arquitecto Daedalus, para que el monstruo no pudiera [&hellip;]<\/p>\n","protected":false},"featured_media":299,"comment_status":"closed","ping_status":"closed","template":"","meta":{"_acf_changed":false},"product_cat":[93],"product_tag":[169],"acf":[],"_links":{"self":[{"href":"https:\/\/adauta.eu\/loja-online\/wp-json\/wp\/v2\/product\/666"}],"collection":[{"href":"https:\/\/adauta.eu\/loja-online\/wp-json\/wp\/v2\/product"}],"about":[{"href":"https:\/\/adauta.eu\/loja-online\/wp-json\/wp\/v2\/types\/product"}],"replies":[{"embeddable":true,"href":"https:\/\/adauta.eu\/loja-online\/wp-json\/wp\/v2\/comments?post=666"}],"wp:featuredmedia":[{"embeddable":true,"href":"https:\/\/adauta.eu\/loja-online\/wp-json\/wp\/v2\/media\/299"}],"wp:attachment":[{"href":"https:\/\/adauta.eu\/loja-online\/wp-json\/wp\/v2\/media?parent=666"}],"wp:term":[{"taxonomy":"product_cat","embeddable":true,"href":"https:\/\/adauta.eu\/loja-online\/wp-json\/wp\/v2\/product_cat?post=666"},{"taxonomy":"product_tag","embeddable":true,"href":"https:\/\/adauta.eu\/loja-online\/wp-json\/wp\/v2\/product_tag?post=666"}],"curies":[{"name":"wp","href":"https:\/\/api.w.org\/{rel}","templated":true}]}}