{"id":251,"date":"2016-11-07T18:29:44","date_gmt":"2016-11-07T18:29:44","guid":{"rendered":"https:\/\/adauta.eu\/loja-online\/?post_type=product&#038;p=251"},"modified":"2025-12-26T10:51:53","modified_gmt":"2025-12-26T10:51:53","slug":"tapetes-minos-tauro","status":"publish","type":"product","link":"https:\/\/adauta.eu\/loja-online\/loja\/tapetes-ponto-arraiolos\/tapetes-minos-tauro\/","title":{"rendered":"Tapetes a Ponto de Arraiolos <br><span style=\"font-size:80%\">Minos Tauro \u00ae<\/span>"},"content":{"rendered":"<p>Filho da rainha de Creta e de um touro do mar que Minos, seu esposo recusara sacrificar ao deus Pose\u00eddon, Minos Tauro tinha corpo de homem e cabe\u00e7a de Touro. Desgostoso, o Rei Minos mandou encerr\u00e1-lo num labirinto concebido pelo arquitecto D\u00e9dalo, para que o monstro n\u00e3o se conseguisse evadir.<\/p>\n<p>Dimens\u00f5es: 150 x 150 cm<\/p>\n<p>Tempo de manufactura: 1 m\u00eas<\/p>\n","protected":false},"excerpt":{"rendered":"<p>Filho da rainha de Creta e de um touro do mar que Minos, seu esposo recusara sacrificar ao deus Pose\u00eddon, Minos Tauro tinha corpo de homem e cabe\u00e7a de Touro. Desgostoso, o Rei Minos mandou encerr\u00e1-lo num labirinto concebido pelo arquitecto D\u00e9dalo, para que o monstro n\u00e3o se conseguisse evadir. Dimens\u00f5es: 150 x 150 cm [&hellip;]<\/p>\n","protected":false},"featured_media":297,"comment_status":"closed","ping_status":"closed","template":"","meta":{"_acf_changed":false},"product_cat":[7],"product_tag":[46],"acf":[],"_links":{"self":[{"href":"https:\/\/adauta.eu\/loja-online\/wp-json\/wp\/v2\/product\/251"}],"collection":[{"href":"https:\/\/adauta.eu\/loja-online\/wp-json\/wp\/v2\/product"}],"about":[{"href":"https:\/\/adauta.eu\/loja-online\/wp-json\/wp\/v2\/types\/product"}],"replies":[{"embeddable":true,"href":"https:\/\/adauta.eu\/loja-online\/wp-json\/wp\/v2\/comments?post=251"}],"wp:featuredmedia":[{"embeddable":true,"href":"https:\/\/adauta.eu\/loja-online\/wp-json\/wp\/v2\/media\/297"}],"wp:attachment":[{"href":"https:\/\/adauta.eu\/loja-online\/wp-json\/wp\/v2\/media?parent=251"}],"wp:term":[{"taxonomy":"product_cat","embeddable":true,"href":"https:\/\/adauta.eu\/loja-online\/wp-json\/wp\/v2\/product_cat?post=251"},{"taxonomy":"product_tag","embeddable":true,"href":"https:\/\/adauta.eu\/loja-online\/wp-json\/wp\/v2\/product_tag?post=251"}],"curies":[{"name":"wp","href":"https:\/\/api.w.org\/{rel}","templated":true}]}}