{"id":234,"date":"2016-11-02T17:19:43","date_gmt":"2016-11-02T17:19:43","guid":{"rendered":"https:\/\/adauta.eu\/loja-online\/?post_type=product&#038;p=234"},"modified":"2026-04-24T09:48:26","modified_gmt":"2026-04-24T09:48:26","slug":"quadro-peltas","status":"publish","type":"product","link":"https:\/\/adauta.eu\/loja-online\/loja\/quadros-ponto-arraiolos\/quadro-peltas\/","title":{"rendered":"Peltas\u00ae <br><span style=\"font-size:80%\">Pe\u00e7a \u00danica<\/span>"},"content":{"rendered":"<p><strong>Pe\u00e7a \u00fanica.<\/strong><\/p>\n<p>Dimens\u00f5es: 60cm x\u00a060cm<\/p>\n<p>Tempo de manufactura: 3 meses<\/p>\n","protected":false},"excerpt":{"rendered":"<p>Pe\u00e7a \u00fanica. Dimens\u00f5es: 60cm x\u00a060cm Tempo de manufactura: 3 meses<\/p>\n","protected":false},"featured_media":235,"comment_status":"closed","ping_status":"closed","template":"","meta":{"_acf_changed":false},"product_cat":[6],"product_tag":[41],"acf":[],"_links":{"self":[{"href":"https:\/\/adauta.eu\/loja-online\/wp-json\/wp\/v2\/product\/234"}],"collection":[{"href":"https:\/\/adauta.eu\/loja-online\/wp-json\/wp\/v2\/product"}],"about":[{"href":"https:\/\/adauta.eu\/loja-online\/wp-json\/wp\/v2\/types\/product"}],"replies":[{"embeddable":true,"href":"https:\/\/adauta.eu\/loja-online\/wp-json\/wp\/v2\/comments?post=234"}],"wp:featuredmedia":[{"embeddable":true,"href":"https:\/\/adauta.eu\/loja-online\/wp-json\/wp\/v2\/media\/235"}],"wp:attachment":[{"href":"https:\/\/adauta.eu\/loja-online\/wp-json\/wp\/v2\/media?parent=234"}],"wp:term":[{"taxonomy":"product_cat","embeddable":true,"href":"https:\/\/adauta.eu\/loja-online\/wp-json\/wp\/v2\/product_cat?post=234"},{"taxonomy":"product_tag","embeddable":true,"href":"https:\/\/adauta.eu\/loja-online\/wp-json\/wp\/v2\/product_tag?post=234"}],"curies":[{"name":"wp","href":"https:\/\/api.w.org\/{rel}","templated":true}]}}