{"id":198,"date":"2016-11-02T17:11:29","date_gmt":"2016-11-02T17:11:29","guid":{"rendered":"https:\/\/adauta.eu\/loja-online\/?post_type=product&#038;p=198"},"modified":"2024-01-21T14:54:07","modified_gmt":"2024-01-21T14:54:07","slug":"quadro-dois","status":"publish","type":"product","link":"https:\/\/adauta.eu\/loja-online\/loja\/quadros-ponto-arraiolos\/quadro-dois\/","title":{"rendered":"Dois em um\u00ae <br><span style=\"font-size:80%\">Pe\u00e7a \u00danica<\/span>"},"content":{"rendered":"<p><strong>Pe\u00e7a \u00fanica.<\/strong><\/p>\n<p>Dimens\u00f5es: 45cm x 47cm<\/p>\n<p>Tempo de manufactura: 1 m\u00eas<\/p>\n","protected":false},"excerpt":{"rendered":"<p>Pe\u00e7a \u00fanica. Dimens\u00f5es: 45cm x 47cm Tempo de manufactura: 1 m\u00eas<\/p>\n","protected":false},"featured_media":199,"comment_status":"closed","ping_status":"closed","template":"","meta":{"_acf_changed":false},"product_cat":[6],"product_tag":[],"acf":[],"_links":{"self":[{"href":"https:\/\/adauta.eu\/loja-online\/wp-json\/wp\/v2\/product\/198"}],"collection":[{"href":"https:\/\/adauta.eu\/loja-online\/wp-json\/wp\/v2\/product"}],"about":[{"href":"https:\/\/adauta.eu\/loja-online\/wp-json\/wp\/v2\/types\/product"}],"replies":[{"embeddable":true,"href":"https:\/\/adauta.eu\/loja-online\/wp-json\/wp\/v2\/comments?post=198"}],"wp:featuredmedia":[{"embeddable":true,"href":"https:\/\/adauta.eu\/loja-online\/wp-json\/wp\/v2\/media\/199"}],"wp:attachment":[{"href":"https:\/\/adauta.eu\/loja-online\/wp-json\/wp\/v2\/media?parent=198"}],"wp:term":[{"taxonomy":"product_cat","embeddable":true,"href":"https:\/\/adauta.eu\/loja-online\/wp-json\/wp\/v2\/product_cat?post=198"},{"taxonomy":"product_tag","embeddable":true,"href":"https:\/\/adauta.eu\/loja-online\/wp-json\/wp\/v2\/product_tag?post=198"}],"curies":[{"name":"wp","href":"https:\/\/api.w.org\/{rel}","templated":true}]}}