{"id":166,"date":"2016-11-02T17:03:23","date_gmt":"2016-11-02T17:03:23","guid":{"rendered":"https:\/\/adauta.eu\/loja-online\/?post_type=product&#038;p=166"},"modified":"2025-08-30T09:47:14","modified_gmt":"2025-08-30T09:47:14","slug":"quadro-acteon","status":"publish","type":"product","link":"https:\/\/adauta.eu\/loja-online\/loja\/quadros-ponto-arraiolos\/quadro-acteon\/","title":{"rendered":"Act\u00e9on\u00ae <br><span style=\"font-size:80%\">Quadro Premiado<\/span>"},"content":{"rendered":"<p>Act\u00e9on era um ca\u00e7ador h\u00e1bil mas atrevido e gabarola.<br \/>\nUm dia no Vale da Garg\u00e1fia, encontrou Diana a banhar-se no rio e ficou a espreit\u00e1-la. Ao descobri-lo a Deusa &#8211; indignada &#8211; atirou-lhe \u00e1gua ao rosto. Nesse instante, Act\u00e9on transformou-se em veado e foi devorado pelos seus c\u00e3es.<\/p>\n<p><strong>Men\u00e7\u00e3o honrosa FIALISBOA 2025: melhor pe\u00e7a de artesanato tradicional.<\/strong><\/p>\n<p>Dimens\u00f5es: 54cm x 54cm<\/p>\n<p>Tempo de manufactura: 2 meses<\/p>\n","protected":false},"excerpt":{"rendered":"<p>Act\u00e9on era um ca\u00e7ador h\u00e1bil mas atrevido e gabarola. Um dia no Vale da Garg\u00e1fia, encontrou Diana a banhar-se no rio e ficou a espreit\u00e1-la. Ao descobri-lo a Deusa &#8211; indignada &#8211; atirou-lhe \u00e1gua ao rosto. Nesse instante, Act\u00e9on transformou-se em veado e foi devorado pelos seus c\u00e3es. Men\u00e7\u00e3o honrosa FIALISBOA 2025: melhor pe\u00e7a de [&hellip;]<\/p>\n","protected":false},"featured_media":167,"comment_status":"closed","ping_status":"closed","template":"","meta":{"_acf_changed":false},"product_cat":[6],"product_tag":[],"acf":[],"_links":{"self":[{"href":"https:\/\/adauta.eu\/loja-online\/wp-json\/wp\/v2\/product\/166"}],"collection":[{"href":"https:\/\/adauta.eu\/loja-online\/wp-json\/wp\/v2\/product"}],"about":[{"href":"https:\/\/adauta.eu\/loja-online\/wp-json\/wp\/v2\/types\/product"}],"replies":[{"embeddable":true,"href":"https:\/\/adauta.eu\/loja-online\/wp-json\/wp\/v2\/comments?post=166"}],"wp:featuredmedia":[{"embeddable":true,"href":"https:\/\/adauta.eu\/loja-online\/wp-json\/wp\/v2\/media\/167"}],"wp:attachment":[{"href":"https:\/\/adauta.eu\/loja-online\/wp-json\/wp\/v2\/media?parent=166"}],"wp:term":[{"taxonomy":"product_cat","embeddable":true,"href":"https:\/\/adauta.eu\/loja-online\/wp-json\/wp\/v2\/product_cat?post=166"},{"taxonomy":"product_tag","embeddable":true,"href":"https:\/\/adauta.eu\/loja-online\/wp-json\/wp\/v2\/product_tag?post=166"}],"curies":[{"name":"wp","href":"https:\/\/api.w.org\/{rel}","templated":true}]}}