{"id":1285,"date":"2026-04-22T09:41:51","date_gmt":"2026-04-22T09:41:51","guid":{"rendered":"https:\/\/adauta.eu\/loja-online\/?post_type=product&#038;p=1285"},"modified":"2026-04-24T08:31:41","modified_gmt":"2026-04-24T08:31:41","slug":"quadro-caos","status":"publish","type":"product","link":"https:\/\/adauta.eu\/loja-online\/loja\/quadros-ponto-arraiolos\/quadro-caos\/","title":{"rendered":"Caos \u00ae <br><span style=\"font-size:80%\">Pe\u00e7a \u00danica<\/span>"},"content":{"rendered":"<p><strong>Dimens\u00f5es: 49 X 48 cm<\/strong><\/p>\n<p><strong>Medalha de Prata: MUSE Design Awards &#8211; 2023 &#8211; Pe\u00e7a \u00fanica.<\/strong><\/p>\n","protected":false},"excerpt":{"rendered":"<p>Dimens\u00f5es: 49 X 48 cm Medalha de Prata: MUSE Design Awards &#8211; 2023 &#8211; Pe\u00e7a \u00fanica.<\/p>\n","protected":false},"featured_media":1286,"comment_status":"closed","ping_status":"closed","template":"","meta":{"_acf_changed":false},"product_cat":[6],"product_tag":[],"acf":[],"_links":{"self":[{"href":"https:\/\/adauta.eu\/loja-online\/wp-json\/wp\/v2\/product\/1285"}],"collection":[{"href":"https:\/\/adauta.eu\/loja-online\/wp-json\/wp\/v2\/product"}],"about":[{"href":"https:\/\/adauta.eu\/loja-online\/wp-json\/wp\/v2\/types\/product"}],"replies":[{"embeddable":true,"href":"https:\/\/adauta.eu\/loja-online\/wp-json\/wp\/v2\/comments?post=1285"}],"wp:featuredmedia":[{"embeddable":true,"href":"https:\/\/adauta.eu\/loja-online\/wp-json\/wp\/v2\/media\/1286"}],"wp:attachment":[{"href":"https:\/\/adauta.eu\/loja-online\/wp-json\/wp\/v2\/media?parent=1285"}],"wp:term":[{"taxonomy":"product_cat","embeddable":true,"href":"https:\/\/adauta.eu\/loja-online\/wp-json\/wp\/v2\/product_cat?post=1285"},{"taxonomy":"product_tag","embeddable":true,"href":"https:\/\/adauta.eu\/loja-online\/wp-json\/wp\/v2\/product_tag?post=1285"}],"curies":[{"name":"wp","href":"https:\/\/api.w.org\/{rel}","templated":true}]}}