{"id":521,"date":"2016-12-02T11:33:45","date_gmt":"2016-12-02T11:33:45","guid":{"rendered":"https:\/\/adauta.eu\/loja-online?page_id=521"},"modified":"2016-12-14T19:22:21","modified_gmt":"2016-12-14T19:22:21","slug":"condiciones-de-uso-y-condiciones-generales-de-venta","status":"publish","type":"page","link":"https:\/\/adauta.eu\/loja-online\/condiciones-de-uso-y-condiciones-generales-de-venta\/?lang=es","title":{"rendered":"Condiciones de Uso y Condiciones Generales de Venta"},"content":{"rendered":"<p>Antes de acceder y utilizar el sitio web, lea cuidadosamente los T\u00e9rminos de Uso y las Condiciones Generales de Venta.<\/p>\n<p>Al acceder y utilizar este sitio web, el Usuario declara haber le\u00eddo, comprendido y aceptado los T\u00e9rminos de Uso y las Condiciones Generales de Venta, sin necesidad de acto posterior o consentimiento. Si no est\u00e1 de acuerdo con los T\u00e9rminos de Uso y con las Condiciones Generales de Venta, no debe utilizar este sitio web.<\/p>\n<p>Ant\u00f3nio Adauta podr\u00e1, en cualquier momento, sin previo aviso, revisar los T\u00e9rminos de Uso y las Condiciones Generales de Venta y cualquier otra informaci\u00f3n contenida en este sitio web, actualiz\u00e1ndola y \/ o cancel\u00e1ndola. Ant\u00f3nio Adauta tambi\u00e9n puede introducir mejoras o cambios sin previo aviso.<\/p>\n<p>Este sitio web y los contenidos no podr\u00e1n ser copiados, reproducidos, transferidos, transmitidos, distribuidos o utilizados en la creaci\u00f3n de obras derivadas, sin consentimiento previo, a menos que se le concedan derechos de acceso limitados, derechos de acceso no exclusivos e intransferibles de acceso Y ver las p\u00e1ginas web de este sitio web, s\u00f3lo en su computadora, pero siempre para su uso personal y no comercial. Estos derechos de acceso concedidos al Usuario est\u00e1n condicionados a la no modificaci\u00f3n del contenido presentado en este sitio web, al mantenimiento de toda la informaci\u00f3n sobre derechos de autor, marcas registradas y otros derechos de propiedad intelectual, as\u00ed como a la aceptaci\u00f3n por parte del Usuario de los t\u00e9rminos y condiciones.<\/p>\n<p>El incumplimiento por parte del Usuario de los t\u00e9rminos y condiciones de este sitio web supondr\u00e1 el cese autom\u00e1tico de todos los derechos otorgados sin previo aviso y el Usuario deber\u00e1 destruir todas las copias y materiales descargados que est\u00e9n en su poder.<\/p>\n<p>La informaci\u00f3n proporcionada en este sitio web puede contener inexactitudes, estar obsoleta o incompleta. En este sentido, el Usuario debe confirmar la exactitud de toda la informaci\u00f3n proporcionada.<\/p>\n<p>Los textos incluidos en este sitio web est\u00e1n disponibles en otros idiomas. Estas traducciones se proporcionan \u00fanicamente para la comodidad del Usuario, y Ant\u00f3nio Adauta no asume ninguna garant\u00eda o compromiso relacionado con la exactitud de la traducci\u00f3n, ya sea realizada por una persona o generada por software inform\u00e1tico, sin ninguna intervenci\u00f3n o revisi\u00f3n humana.<\/p>\n<p>El uso del sitio web se realizar\u00e1 bajo su propio riesgo. Ni Ant\u00f3nio Adauta ni ninguna otra parte implicada en la creaci\u00f3n, producci\u00f3n, mantenimiento o implementaci\u00f3n de este sitio web puede ser responsable de los da\u00f1os y perjuicios (incluidos, entre otros, da\u00f1os, p\u00e9rdidas de beneficios y da\u00f1os morales causados directa o indirectamente) , Que surjan como consecuencia del uso correcto o incorrecto del sitio web y de su contenido por parte del Usuario.<\/p>\n<p>Ant\u00f3nio Adauta no garantiza ni declara que los archivos disponibles para descarga en el sitio web est\u00e9n libres de virus, gusanos, malware, troyanos, scripts de c\u00f3digos maliciosos o cualquier otro c\u00f3digo o programa que contenga propiedades destructivas o da\u00f1inas.<\/p>\n<p>Queda expresamente prohibido el uso de este sitio web con fines ilegales o cualquier otro prop\u00f3sito que pueda considerarse indigno de la imagen de Ant\u00f3nio Adauta. La usurpaci\u00f3n, la falsificaci\u00f3n, la explotaci\u00f3n de contenidos usurpados o falsificados, la identificaci\u00f3n ileg\u00edtima y la competencia desleal son penalmente punibles.<\/p>\n<p>Tambi\u00e9n est\u00e1 prohibido crear o introducir en este sitio web virus o programas que lo da\u00f1en o contaminen.<\/p>\n<p>&nbsp;<\/p>\n<p><strong>Condiciones generales de venta<\/strong><\/p>\n<p>Modo de compra:<\/p>\n<p>La venta de los productos en Internet se realizar\u00e1 a trav\u00e9s de este sitio web: www.adauta.eu.<\/p>\n<p>Ant\u00f3nio Adauta se reserva el derecho de cancelar o negarse a ordenar un producto de un cliente con el que haya una disputa sobre el pago de una orden anterior.<\/p>\n<p>Ant\u00f3nio Adauta se compromete a aceptar el pedido y la venta del producto de acuerdo con las presentes condiciones generales de venta.<\/p>\n<p>El cliente declara que ha tomado nota y aceptado estas condiciones generales de venta antes de completar su pedido. Se supone que la finalizaci\u00f3n del pedido de un producto corresponde a la aceptaci\u00f3n de estas Condiciones Generales de Venta.<\/p>\n<p>&nbsp;<\/p>\n<p><strong>Caracter\u00edsticas esenciales del producto<\/strong><\/p>\n<p>Los productos anunciados en este sitio web cumplen con la legislaci\u00f3n vigente en la fecha de dicha divulgaci\u00f3n y con las normas aplicables.<\/p>\n<p>Ant\u00f3nio Adauta se asegurar\u00e1 de que las im\u00e1genes fotogr\u00e1ficas de los productos representen fielmente los art\u00edculos. Cada producto va acompa\u00f1ado de una descripci\u00f3n.<\/p>\n<p>En caso de error manifiesto entre las caracter\u00edsticas del producto y su representaci\u00f3n, el cliente tiene derecho a devolverlo y solicitar su devoluci\u00f3n.<\/p>\n<p>&nbsp;<\/p>\n<p><strong>Precios<\/strong><\/p>\n<p>Los precios de los productos se expresan en euros y est\u00e1n exentos del tipo de IVA.<\/p>\n<p>El valor de precio indicado excluye, sin embargo, el importe a cargo del cliente con los gastos de env\u00edo del producto pedido, cuyo importe se indicar\u00e1 en el momento de la validaci\u00f3n final del pedido.<\/p>\n<p><strong>Para compras superiores a \u20ac 39, gastos de env\u00edo gratuitos.<\/strong><\/p>\n<p>Desde la finalizaci\u00f3n del pedido hasta la confirmaci\u00f3n del pago del producto pedido, \u00e9ste es propiedad de Ant\u00f3nio Adauta.<\/p>\n<p>&nbsp;<\/p>\n<p><strong>Disponibilidad de productos<\/strong><\/p>\n<p>Los productos, as\u00ed como los precios, son v\u00e1lidos siempre y cuando sean accesibles en este sitio web, teniendo en cuenta la disponibilidad de existencias verificadas en el momento del pedido.<\/p>\n<p>En caso de indisponibilidad del producto despu\u00e9s de la orden, el cliente ser\u00e1 informado, por correo electr\u00f3nico o por tel\u00e9fono, del d\u00eda de entrega o la cancelaci\u00f3n del pedido. En este caso, se reembolsar\u00e1 al cliente el monto pagado, en un plazo m\u00e1ximo de 30 d\u00edas.<\/p>\n<p>&nbsp;<\/p>\n<p><strong>Pago<\/strong><\/p>\n<p>Modo de pago<\/p>\n<p>Los m\u00e9todos de pago aceptados en nuestro sitio web son transferencias bancarias y PAYPAL.<\/p>\n<p>El pago de los productos comprados y los gastos relacionados con el env\u00edo deben ser pagados por el cliente en la confirmaci\u00f3n de la orden.<\/p>\n<p>&nbsp;<\/p>\n<p><strong>Paypal:<\/strong><\/p>\n<p>Paypal es una de las maneras m\u00e1s simples y r\u00e1pidas de hacer un pago en l\u00ednea. Con Paypal, el usuario puede pagar por productos con tarjeta de cr\u00e9dito sin exponer sus n\u00fameros de tarjeta. Puede agregar su tarjeta de cr\u00e9dito a su cuenta de Paypal para que no tenga que ingresar el n\u00famero de tarjeta cada vez que haga una compra. S\u00f3lo tienes que iniciar sesi\u00f3n con Paypal y r\u00e1pidamente, en unos pocos clics, para salir.<\/p>\n<p>A trav\u00e9s de su cuenta de Paypal, tambi\u00e9n puede consultar el historial de sus transacciones en l\u00ednea las 24 horas del d\u00eda.<\/p>\n<p>M\u00e1s informaci\u00f3n en www.paypal.es<\/p>\n<p>&nbsp;<\/p>\n<p><strong>Entrega<\/strong><\/p>\n<p>Ant\u00f3nio Adauta env\u00eda sus productos por correo postal. Los tableros de puntos de Arraiolos ser\u00e1n entregados a mano y s\u00f3lo en Portugal.<\/p>\n<p>&nbsp;<\/p>\n<p><strong>Devoluciones<\/strong><\/p>\n<p>El cliente tiene el derecho de devoluci\u00f3n del producto con el que no est\u00e1 satisfecho.<\/p>\n<p>Protecci\u00f3n de datos personales<\/p>\n<p>Ant\u00f3nio Adauta garantiza la confidencialidad de todos los datos facilitados por sus clientes. La recolecci\u00f3n y procesamiento de datos se lleva a cabo de manera segura, lo que evita la p\u00e9rdida o manipulaci\u00f3n.<\/p>\n<p>Ant\u00f3nio Adauta no divulga ni vende datos de clientes a terceros. Toda la informaci\u00f3n es confidencial. El acceso a la informaci\u00f3n est\u00e1 restringido, siendo utilizado s\u00f3lo para la comunicaci\u00f3n con el cliente y para el procesamiento de sus pedidos.<\/p>\n<p>Todos los clientes tienen derecho a acceder, rectificar y cancelar sus datos. Si desea, en cualquier momento, dejar de formar parte de la base de datos, puede ejercer este derecho a trav\u00e9s de los siguientes medios:<\/p>\n<p><strong>E-mail:<\/strong> ven&#100;&#97;&#x73;&#x40;&#x61;&#x64;aut&#97;&#46;&#x65;&#x75;<\/p>\n<p><strong>Carta:<\/strong> Ant\u00f3nio Adauta<\/p>\n<p>Rua Sra. F\u00e1tima, 67-2\u00ba Esq<\/p>\n<p>3510-094 Viseu<\/p>\n<p>Portugal<\/p>\n","protected":false},"excerpt":{"rendered":"<p>Antes de acceder y utilizar el sitio web, lea cuidadosamente los T\u00e9rminos de Uso y las Condiciones Generales de Venta. Al acceder y utilizar este sitio web, el Usuario declara haber le\u00eddo, comprendido y aceptado los T\u00e9rminos de Uso y las Condiciones Generales de Venta, sin necesidad de acto posterior o consentimiento. Si no est\u00e1 [&hellip;]<\/p>\n","protected":false},"author":1,"featured_media":0,"parent":0,"menu_order":0,"comment_status":"closed","ping_status":"closed","template":"template-fullwidth.php","meta":{"_acf_changed":false,"footnotes":""},"acf":[],"_links":{"self":[{"href":"https:\/\/adauta.eu\/loja-online\/wp-json\/wp\/v2\/pages\/521"}],"collection":[{"href":"https:\/\/adauta.eu\/loja-online\/wp-json\/wp\/v2\/pages"}],"about":[{"href":"https:\/\/adauta.eu\/loja-online\/wp-json\/wp\/v2\/types\/page"}],"author":[{"embeddable":true,"href":"https:\/\/adauta.eu\/loja-online\/wp-json\/wp\/v2\/users\/1"}],"replies":[{"embeddable":true,"href":"https:\/\/adauta.eu\/loja-online\/wp-json\/wp\/v2\/comments?post=521"}],"version-history":[{"count":0,"href":"https:\/\/adauta.eu\/loja-online\/wp-json\/wp\/v2\/pages\/521\/revisions"}],"wp:attachment":[{"href":"https:\/\/adauta.eu\/loja-online\/wp-json\/wp\/v2\/media?parent=521"}],"curies":[{"name":"wp","href":"https:\/\/api.w.org\/{rel}","templated":true}]}}